{"id":4173,"date":"2025-12-13T15:19:47","date_gmt":"2025-12-13T12:19:47","guid":{"rendered":"https:\/\/sohoathinas.com\/elementor-4167\/"},"modified":"2025-12-14T20:22:46","modified_gmt":"2025-12-14T17:22:46","slug":"elementor-4167","status":"publish","type":"page","link":"https:\/\/sohoathinas.com\/fr\/elementor-4167\/","title":{"rendered":"Fresh &amp; Co"},"content":{"rendered":"<p class=\"attachment\"><a href='https:\/\/sohoathinas.com\/wp-content\/uploads\/2025\/12\/WhatsApp-Image-2025-12-04-at-15.22.00.jpeg'><img fetchpriority=\"high\" decoding=\"async\" width=\"225\" height=\"300\" src=\"https:\/\/sohoathinas.com\/wp-content\/uploads\/2025\/12\/WhatsApp-Image-2025-12-04-at-15.22.00-225x300.jpeg\" class=\"attachment-medium size-medium\" alt=\"\" srcset=\"https:\/\/sohoathinas.com\/wp-content\/uploads\/2025\/12\/WhatsApp-Image-2025-12-04-at-15.22.00-225x300.jpeg 225w, https:\/\/sohoathinas.com\/wp-content\/uploads\/2025\/12\/WhatsApp-Image-2025-12-04-at-15.22.00-768x1024.jpeg 768w, https:\/\/sohoathinas.com\/wp-content\/uploads\/2025\/12\/WhatsApp-Image-2025-12-04-at-15.22.00-1152x1536.jpeg 1152w, https:\/\/sohoathinas.com\/wp-content\/uploads\/2025\/12\/WhatsApp-Image-2025-12-04-at-15.22.00.jpeg 1200w\" sizes=\"(max-width: 225px) 100vw, 225px\" \/><\/a><\/p>\n\t\t<div data-elementor-type=\"wp-post\" data-elementor-id=\"4173\" class=\"elementor elementor-4173 elementor-4167\" data-elementor-settings=\"{&quot;ha_cmc_init_switcher&quot;:&quot;no&quot;}\">\n\t\t\t\t<div class=\"elementor-element elementor-element-6274b7d e-con-full e-flex wpr-particle-no wpr-jarallax-no wpr-parallax-no wpr-sticky-section-no e-con e-parent\" data-id=\"6274b7d\" data-element_type=\"container\" data-e-type=\"container\" data-settings=\"{&quot;background_background&quot;:&quot;classic&quot;,&quot;_ha_eqh_enable&quot;:false}\">\n\t\t\t\t<div class=\"elementor-element elementor-element-afad357 animated-slow elementor-invisible elementor-widget elementor-widget-heading\" data-id=\"afad357\" data-element_type=\"widget\" data-e-type=\"widget\" data-settings=\"{&quot;_animation&quot;:&quot;fadeIn&quot;}\" data-widget_type=\"heading.default\">\n\t\t\t\t\t<h2 class=\"elementor-heading-title elementor-size-default\">Bar sant\u00e9 - Fresh &amp; Co<\/h2>\t\t\t\t<\/div>\n\t\t\t\t<\/div>\n\t\t<div class=\"elementor-element elementor-element-ed06b89 e-flex e-con-boxed wpr-particle-no wpr-jarallax-no wpr-parallax-no wpr-sticky-section-no e-con e-parent\" data-id=\"ed06b89\" data-element_type=\"container\" data-e-type=\"container\" data-settings=\"{&quot;_ha_eqh_enable&quot;:false}\">\n\t\t\t\t\t<div class=\"e-con-inner\">\n\t\t\t\t<div class=\"elementor-element elementor-element-ae90e74 elementor-widget elementor-widget-spacer\" data-id=\"ae90e74\" data-element_type=\"widget\" data-e-type=\"widget\" data-widget_type=\"spacer.default\">\n\t\t\t\t\t\t\t<div class=\"elementor-spacer\">\n\t\t\t<div class=\"elementor-spacer-inner\"><\/div>\n\t\t<\/div>\n\t\t\t\t\t\t<\/div>\n\t\t\t\t\t<\/div>\n\t\t\t\t<\/div>\n\t\t<div class=\"elementor-element elementor-element-0e7d4c3 e-con-full e-flex wpr-particle-no wpr-jarallax-no wpr-parallax-no wpr-sticky-section-no e-con e-child\" data-id=\"0e7d4c3\" data-element_type=\"container\" data-e-type=\"container\" data-settings=\"{&quot;background_background&quot;:&quot;classic&quot;,&quot;animation_mobile&quot;:&quot;fadeIn&quot;,&quot;_ha_eqh_enable&quot;:false}\">\n\t\t<div class=\"elementor-element elementor-element-faf43f5 e-con-full e-flex wpr-particle-no wpr-jarallax-no wpr-parallax-no wpr-sticky-section-no e-con e-child\" data-id=\"faf43f5\" data-element_type=\"container\" data-e-type=\"container\" data-settings=\"{&quot;_ha_eqh_enable&quot;:false}\">\n\t\t\t\t<div class=\"elementor-element elementor-element-e818733 elementor-widget elementor-widget-text-editor\" data-id=\"e818733\" data-element_type=\"widget\" data-e-type=\"widget\" data-widget_type=\"text-editor.default\">\n\t\t\t\t\t\t\t\t\t<p>D\u00e9gustez des jus de fruits frais, des bols sains et des en-cas l\u00e9gers au <strong>Fresh &amp; Co<\/strong>, le bar sant\u00e9 qui allie go\u00fbt et bien-\u00eatre. Les clients de l&rsquo;h\u00f4tel b\u00e9n\u00e9ficient d&rsquo;une <strong data-start=\"238\" data-end=\"264\">r\u00e9duction exclusive de 20 %<\/strong> sur tous les articles du menu, id\u00e9al pour une pause rafra\u00eechissante et saine \u00e0 tout moment de la journ\u00e9e. <\/p>\t\t\t\t\t\t\t\t<\/div>\n\t\t\t\t<div class=\"elementor-element elementor-element-916695e elementor-widget elementor-widget-heading\" data-id=\"916695e\" data-element_type=\"widget\" data-e-type=\"widget\" data-widget_type=\"heading.default\">\n\t\t\t\t\t<h6 class=\"elementor-heading-title elementor-size-default\">Trouver Fresh &amp; Co<\/h6>\t\t\t\t<\/div>\n\t\t\t\t<div class=\"elementor-element elementor-element-6830b82 elementor-mobile-align-center elementor-icon-list--layout-inline elementor-list-item-link-full_width elementor-widget elementor-widget-icon-list\" data-id=\"6830b82\" data-element_type=\"widget\" data-e-type=\"widget\" data-widget_type=\"icon-list.default\">\n\t\t\t\t\t\t\t<ul class=\"elementor-icon-list-items elementor-inline-items\">\n\t\t\t\t\t\t\t<li class=\"elementor-icon-list-item elementor-inline-item\">\n\t\t\t\t\t\t\t\t\t\t\t<a href=\"https:\/\/maps.app.goo.gl\/7CtT8DVBdHVRKQ7z6\" target=\"_blank\" rel=\"noopener\">\n\n\t\t\t\t\t\t\t\t\t\t\t\t<span class=\"elementor-icon-list-icon\">\n\t\t\t\t\t\t\t<i aria-hidden=\"true\" class=\"huge huge-location-06\"><\/i>\t\t\t\t\t\t<\/span>\n\t\t\t\t\t\t\t\t\t\t<span class=\"elementor-icon-list-text\"><\/span>\n\t\t\t\t\t\t\t\t\t\t\t<\/a>\n\t\t\t\t\t\t\t\t\t<\/li>\n\t\t\t\t\t\t\t\t<li class=\"elementor-icon-list-item elementor-inline-item\">\n\t\t\t\t\t\t\t\t\t\t\t<a href=\"https:\/\/www.instagram.com\/freshandco.gr\/\" target=\"_blank\" rel=\"noopener\">\n\n\t\t\t\t\t\t\t\t\t\t\t\t<span class=\"elementor-icon-list-icon\">\n\t\t\t\t\t\t\t<i aria-hidden=\"true\" class=\"huge huge-instagram\"><\/i>\t\t\t\t\t\t<\/span>\n\t\t\t\t\t\t\t\t\t\t<span class=\"elementor-icon-list-text\"><\/span>\n\t\t\t\t\t\t\t\t\t\t\t<\/a>\n\t\t\t\t\t\t\t\t\t<\/li>\n\t\t\t\t\t\t<\/ul>\n\t\t\t\t\t\t<\/div>\n\t\t\t\t<\/div>\n\t\t\t\t<div class=\"elementor-element elementor-element-c441e94 wpr-grid-columns-4 wpr-grid-columns--tablet3 wpr-grid-columns--mobile1 wpr-grid-pagination-center elementor-widget elementor-widget-wpr-media-grid\" data-id=\"c441e94\" data-element_type=\"widget\" data-e-type=\"widget\" data-widget_type=\"wpr-media-grid.default\">\n\t\t\t\t\t<section class=\"wpr-grid wpr-media-grid elementor-clearfix\" data-settings=\"{&quot;layout&quot;:&quot;masonry&quot;,&quot;columns_desktop&quot;:4,&quot;gutter_hr&quot;:10,&quot;gutter_hr_mobile&quot;:10,&quot;gutter_hr_mobile_extra&quot;:10,&quot;gutter_hr_tablet&quot;:10,&quot;gutter_hr_tablet_extra&quot;:10,&quot;gutter_hr_laptop&quot;:10,&quot;gutter_hr_widescreen&quot;:10,&quot;gutter_vr&quot;:10,&quot;gutter_vr_mobile&quot;:10,&quot;gutter_vr_mobile_extra&quot;:10,&quot;gutter_vr_tablet&quot;:10,&quot;gutter_vr_tablet_extra&quot;:10,&quot;gutter_vr_laptop&quot;:10,&quot;gutter_vr_widescreen&quot;:10,&quot;animation&quot;:&quot;default&quot;,&quot;animation_duration&quot;:0.29999999999999999,&quot;animation_delay&quot;:0.10000000000000001,&quot;deeplinking&quot;:&quot;&quot;,&quot;filters_default_filter&quot;:&quot;&quot;,&quot;filters_linkable&quot;:&quot;no&quot;,&quot;filters_count&quot;:&quot;&quot;,&quot;filters_hide_empty&quot;:&quot;no&quot;,&quot;filters_animation&quot;:&quot;default&quot;,&quot;filters_animation_duration&quot;:0.29999999999999999,&quot;filters_animation_delay&quot;:0.10000000000000001,&quot;pagination_type&quot;:&quot;load-more&quot;,&quot;pagination_max_pages&quot;:1,&quot;lightbox&quot;:{&quot;selector&quot;:&quot;.wpr-grid-image-wrap&quot;,&quot;iframeMaxWidth&quot;:&quot;60%&quot;,&quot;hash&quot;:false,&quot;autoplay&quot;:&quot;true&quot;,&quot;pause&quot;:5000,&quot;progressBar&quot;:&quot;true&quot;,&quot;counter&quot;:&quot;true&quot;,&quot;controls&quot;:&quot;true&quot;,&quot;getCaptionFromTitleOrAlt&quot;:&quot;&quot;,&quot;thumbnail&quot;:&quot;&quot;,&quot;showThumbByDefault&quot;:&quot;&quot;,&quot;share&quot;:&quot;&quot;,&quot;zoom&quot;:&quot;true&quot;,&quot;fullScreen&quot;:&quot;true&quot;,&quot;download&quot;:&quot;&quot;}}\"><article class=\"wpr-grid-item elementor-clearfix post-4215 attachment type-attachment status-inherit hentry\"><div class=\"wpr-grid-item-inner\"><div class=\"wpr-grid-media-wrap wpr-effect-size-small \"><div class=\"wpr-grid-image-wrap\" data-src=\"https:\/\/sohoathinas.com\/wp-content\/uploads\/2025\/12\/WhatsApp-Image-2025-12-04-at-15.22.02.jpeg\"><img decoding=\"async\" src=\"https:\/\/sohoathinas.com\/wp-content\/uploads\/2025\/12\/WhatsApp-Image-2025-12-04-at-15.22.02.jpeg\" alt=\"WhatsApp Image 2025-12-04 at 15.22.02\" class=\"wpr-anim-timing-ease-default\"><\/div><div class=\"wpr-grid-media-hover wpr-animation-wrap\"><div class=\"wpr-grid-media-hover-bg  wpr-overlay-fade-in wpr-anim-size-large wpr-anim-timing-ease-default wpr-anim-transparency\" data-url=\"https:\/\/sohoathinas.com\/fr\/elementor-4167\/whatsapp-image-2025-12-04-at-15-22-02-2\/\"><\/div><div class=\"wpr-cv-container\"><div class=\"wpr-cv-outer\"><div class=\"wpr-cv-inner\"><div class=\"wpr-grid-media-hover-middle elementor-clearfix\"><div class=\"wpr-grid-item-lightbox elementor-repeater-item-a90882a wpr-grid-item-display-block wpr-grid-item-align-center wpr-element-fade-in wpr-anim-size-large wpr-anim-timing-ease-default wpr-anim-transparency\"><div class=\"inner-block\"><span data-src=\"https:\/\/sohoathinas.com\/wp-content\/uploads\/2025\/12\/WhatsApp-Image-2025-12-04-at-15.22.02.jpeg\"><i class=\"fas fa-search\"><\/i><\/span><div class=\"wpr-grid-lightbox-overlay\"><\/div><\/div><\/div><\/div><\/div><\/div><\/div><\/div><\/div><\/div><\/article><article class=\"wpr-grid-item elementor-clearfix post-4219 attachment type-attachment status-inherit hentry\"><div class=\"wpr-grid-item-inner\"><div class=\"wpr-grid-media-wrap wpr-effect-size-small \"><div class=\"wpr-grid-image-wrap\" data-src=\"https:\/\/sohoathinas.com\/wp-content\/uploads\/2025\/12\/WhatsApp-Image-2025-12-04-at-13.39.59-1.jpeg\"><img decoding=\"async\" src=\"https:\/\/sohoathinas.com\/wp-content\/uploads\/2025\/12\/WhatsApp-Image-2025-12-04-at-13.39.59-1.jpeg\" alt=\"WhatsApp Image 2025-12-04 at 13.39.59 (1)\" class=\"wpr-anim-timing-ease-default\"><\/div><div class=\"wpr-grid-media-hover wpr-animation-wrap\"><div class=\"wpr-grid-media-hover-bg  wpr-overlay-fade-in wpr-anim-size-large wpr-anim-timing-ease-default wpr-anim-transparency\" data-url=\"https:\/\/sohoathinas.com\/fr\/elementor-4167\/whatsapp-image-2025-12-04-at-13-39-59-1-2\/\"><\/div><div class=\"wpr-cv-container\"><div class=\"wpr-cv-outer\"><div class=\"wpr-cv-inner\"><div class=\"wpr-grid-media-hover-middle elementor-clearfix\"><div class=\"wpr-grid-item-lightbox elementor-repeater-item-a90882a wpr-grid-item-display-block wpr-grid-item-align-center wpr-element-fade-in wpr-anim-size-large wpr-anim-timing-ease-default wpr-anim-transparency\"><div class=\"inner-block\"><span data-src=\"https:\/\/sohoathinas.com\/wp-content\/uploads\/2025\/12\/WhatsApp-Image-2025-12-04-at-13.39.59-1.jpeg\"><i class=\"fas fa-search\"><\/i><\/span><div class=\"wpr-grid-lightbox-overlay\"><\/div><\/div><\/div><\/div><\/div><\/div><\/div><\/div><\/div><\/div><\/article><article class=\"wpr-grid-item elementor-clearfix post-4195 attachment type-attachment status-inherit hentry\"><div class=\"wpr-grid-item-inner\"><div class=\"wpr-grid-media-wrap wpr-effect-size-small \"><div class=\"wpr-grid-image-wrap\" data-src=\"https:\/\/sohoathinas.com\/wp-content\/uploads\/2025\/12\/WhatsApp-Image-2025-12-04-at-15.20.10-1.jpeg\"><img decoding=\"async\" src=\"https:\/\/sohoathinas.com\/wp-content\/uploads\/2025\/12\/WhatsApp-Image-2025-12-04-at-15.20.10-1.jpeg\" alt=\"WhatsApp Image 2025-12-04 at 15.20.10 (1)\" class=\"wpr-anim-timing-ease-default\"><\/div><div class=\"wpr-grid-media-hover wpr-animation-wrap\"><div class=\"wpr-grid-media-hover-bg  wpr-overlay-fade-in wpr-anim-size-large wpr-anim-timing-ease-default wpr-anim-transparency\" data-url=\"https:\/\/sohoathinas.com\/fr\/elementor-4167\/whatsapp-image-2025-12-04-at-15-20-10-1-2\/\"><\/div><div class=\"wpr-cv-container\"><div class=\"wpr-cv-outer\"><div class=\"wpr-cv-inner\"><div class=\"wpr-grid-media-hover-middle elementor-clearfix\"><div class=\"wpr-grid-item-lightbox elementor-repeater-item-a90882a wpr-grid-item-display-block wpr-grid-item-align-center wpr-element-fade-in wpr-anim-size-large wpr-anim-timing-ease-default wpr-anim-transparency\"><div class=\"inner-block\"><span data-src=\"https:\/\/sohoathinas.com\/wp-content\/uploads\/2025\/12\/WhatsApp-Image-2025-12-04-at-15.20.10-1.jpeg\"><i class=\"fas fa-search\"><\/i><\/span><div class=\"wpr-grid-lightbox-overlay\"><\/div><\/div><\/div><\/div><\/div><\/div><\/div><\/div><\/div><\/div><\/article><article class=\"wpr-grid-item elementor-clearfix post-4199 attachment type-attachment status-inherit hentry\"><div class=\"wpr-grid-item-inner\"><div class=\"wpr-grid-media-wrap wpr-effect-size-small \"><div class=\"wpr-grid-image-wrap\" data-src=\"https:\/\/sohoathinas.com\/wp-content\/uploads\/2025\/12\/WhatsApp-Image-2025-12-04-at-15.20.10.jpeg\"><img decoding=\"async\" src=\"https:\/\/sohoathinas.com\/wp-content\/uploads\/2025\/12\/WhatsApp-Image-2025-12-04-at-15.20.10.jpeg\" alt=\"WhatsApp Image 2025-12-04 at 15.20.10\" class=\"wpr-anim-timing-ease-default\"><\/div><div class=\"wpr-grid-media-hover wpr-animation-wrap\"><div class=\"wpr-grid-media-hover-bg  wpr-overlay-fade-in wpr-anim-size-large wpr-anim-timing-ease-default wpr-anim-transparency\" data-url=\"https:\/\/sohoathinas.com\/fr\/elementor-4167\/whatsapp-image-2025-12-04-at-15-20-10-2\/\"><\/div><div class=\"wpr-cv-container\"><div class=\"wpr-cv-outer\"><div class=\"wpr-cv-inner\"><div class=\"wpr-grid-media-hover-middle elementor-clearfix\"><div class=\"wpr-grid-item-lightbox elementor-repeater-item-a90882a wpr-grid-item-display-block wpr-grid-item-align-center wpr-element-fade-in wpr-anim-size-large wpr-anim-timing-ease-default wpr-anim-transparency\"><div class=\"inner-block\"><span data-src=\"https:\/\/sohoathinas.com\/wp-content\/uploads\/2025\/12\/WhatsApp-Image-2025-12-04-at-15.20.10.jpeg\"><i class=\"fas fa-search\"><\/i><\/span><div class=\"wpr-grid-lightbox-overlay\"><\/div><\/div><\/div><\/div><\/div><\/div><\/div><\/div><\/div><\/div><\/article><article class=\"wpr-grid-item elementor-clearfix post-4223 attachment type-attachment status-inherit hentry\"><div class=\"wpr-grid-item-inner\"><div class=\"wpr-grid-media-wrap wpr-effect-size-small \"><div class=\"wpr-grid-image-wrap\" data-src=\"https:\/\/sohoathinas.com\/wp-content\/uploads\/2025\/12\/WhatsApp-Image-2025-12-04-at-13.39.59.jpeg\"><img decoding=\"async\" src=\"https:\/\/sohoathinas.com\/wp-content\/uploads\/2025\/12\/WhatsApp-Image-2025-12-04-at-13.39.59.jpeg\" alt=\"WhatsApp Image 2025-12-04 at 13.39.59\" class=\"wpr-anim-timing-ease-default\"><\/div><div class=\"wpr-grid-media-hover wpr-animation-wrap\"><div class=\"wpr-grid-media-hover-bg  wpr-overlay-fade-in wpr-anim-size-large wpr-anim-timing-ease-default wpr-anim-transparency\" data-url=\"https:\/\/sohoathinas.com\/fr\/elementor-4167\/whatsapp-image-2025-12-04-at-13-39-59-2\/\"><\/div><div class=\"wpr-cv-container\"><div class=\"wpr-cv-outer\"><div class=\"wpr-cv-inner\"><div class=\"wpr-grid-media-hover-middle elementor-clearfix\"><div class=\"wpr-grid-item-lightbox elementor-repeater-item-a90882a wpr-grid-item-display-block wpr-grid-item-align-center wpr-element-fade-in wpr-anim-size-large wpr-anim-timing-ease-default wpr-anim-transparency\"><div class=\"inner-block\"><span data-src=\"https:\/\/sohoathinas.com\/wp-content\/uploads\/2025\/12\/WhatsApp-Image-2025-12-04-at-13.39.59.jpeg\"><i class=\"fas fa-search\"><\/i><\/span><div class=\"wpr-grid-lightbox-overlay\"><\/div><\/div><\/div><\/div><\/div><\/div><\/div><\/div><\/div><\/div><\/article><article class=\"wpr-grid-item elementor-clearfix post-4203 attachment type-attachment status-inherit hentry\"><div class=\"wpr-grid-item-inner\"><div class=\"wpr-grid-media-wrap wpr-effect-size-small \"><div class=\"wpr-grid-image-wrap\" data-src=\"https:\/\/sohoathinas.com\/wp-content\/uploads\/2025\/12\/WhatsApp-Image-2025-12-04-at-13.39.58-e1765629674541.jpeg\"><img decoding=\"async\" src=\"https:\/\/sohoathinas.com\/wp-content\/uploads\/2025\/12\/WhatsApp-Image-2025-12-04-at-13.39.58-e1765629674541.jpeg\" alt=\"WhatsApp Image 2025-12-04 at 13.39.58\" class=\"wpr-anim-timing-ease-default\"><\/div><div class=\"wpr-grid-media-hover wpr-animation-wrap\"><div class=\"wpr-grid-media-hover-bg  wpr-overlay-fade-in wpr-anim-size-large wpr-anim-timing-ease-default wpr-anim-transparency\" data-url=\"https:\/\/sohoathinas.com\/fr\/elementor-4167\/whatsapp-image-2025-12-04-at-13-39-58-2\/\"><\/div><div class=\"wpr-cv-container\"><div class=\"wpr-cv-outer\"><div class=\"wpr-cv-inner\"><div class=\"wpr-grid-media-hover-middle elementor-clearfix\"><div class=\"wpr-grid-item-lightbox elementor-repeater-item-a90882a wpr-grid-item-display-block wpr-grid-item-align-center wpr-element-fade-in wpr-anim-size-large wpr-anim-timing-ease-default wpr-anim-transparency\"><div class=\"inner-block\"><span data-src=\"https:\/\/sohoathinas.com\/wp-content\/uploads\/2025\/12\/WhatsApp-Image-2025-12-04-at-13.39.58-e1765629674541.jpeg\"><i class=\"fas fa-search\"><\/i><\/span><div class=\"wpr-grid-lightbox-overlay\"><\/div><\/div><\/div><\/div><\/div><\/div><\/div><\/div><\/div><\/div><\/article><article class=\"wpr-grid-item elementor-clearfix post-4207 attachment type-attachment status-inherit hentry\"><div class=\"wpr-grid-item-inner\"><div class=\"wpr-grid-media-wrap wpr-effect-size-small \"><div class=\"wpr-grid-image-wrap\" data-src=\"https:\/\/sohoathinas.com\/wp-content\/uploads\/2025\/12\/WhatsApp-Image-2025-12-04-at-15.22.00-1.jpeg\"><img decoding=\"async\" src=\"https:\/\/sohoathinas.com\/wp-content\/uploads\/2025\/12\/WhatsApp-Image-2025-12-04-at-15.22.00-1.jpeg\" alt=\"WhatsApp Image 2025-12-04 at 15.22.00 (1)\" class=\"wpr-anim-timing-ease-default\"><\/div><div class=\"wpr-grid-media-hover wpr-animation-wrap\"><div class=\"wpr-grid-media-hover-bg  wpr-overlay-fade-in wpr-anim-size-large wpr-anim-timing-ease-default wpr-anim-transparency\" data-url=\"https:\/\/sohoathinas.com\/fr\/elementor-4167\/whatsapp-image-2025-12-04-at-15-22-00-1-2\/\"><\/div><div class=\"wpr-cv-container\"><div class=\"wpr-cv-outer\"><div class=\"wpr-cv-inner\"><div class=\"wpr-grid-media-hover-middle elementor-clearfix\"><div class=\"wpr-grid-item-lightbox elementor-repeater-item-a90882a wpr-grid-item-display-block wpr-grid-item-align-center wpr-element-fade-in wpr-anim-size-large wpr-anim-timing-ease-default wpr-anim-transparency\"><div class=\"inner-block\"><span data-src=\"https:\/\/sohoathinas.com\/wp-content\/uploads\/2025\/12\/WhatsApp-Image-2025-12-04-at-15.22.00-1.jpeg\"><i class=\"fas fa-search\"><\/i><\/span><div class=\"wpr-grid-lightbox-overlay\"><\/div><\/div><\/div><\/div><\/div><\/div><\/div><\/div><\/div><\/div><\/article><article class=\"wpr-grid-item elementor-clearfix post-4211 attachment type-attachment status-inherit hentry\"><div class=\"wpr-grid-item-inner\"><div class=\"wpr-grid-media-wrap wpr-effect-size-small \"><div class=\"wpr-grid-image-wrap\" data-src=\"https:\/\/sohoathinas.com\/wp-content\/uploads\/2025\/12\/WhatsApp-Image-2025-12-04-at-15.22.00.jpeg\"><img decoding=\"async\" src=\"https:\/\/sohoathinas.com\/wp-content\/uploads\/2025\/12\/WhatsApp-Image-2025-12-04-at-15.22.00.jpeg\" alt=\"WhatsApp Image 2025-12-04 at 15.22.00\" class=\"wpr-anim-timing-ease-default\"><\/div><div class=\"wpr-grid-media-hover wpr-animation-wrap\"><div class=\"wpr-grid-media-hover-bg  wpr-overlay-fade-in wpr-anim-size-large wpr-anim-timing-ease-default wpr-anim-transparency\" data-url=\"https:\/\/sohoathinas.com\/fr\/elementor-4167\/whatsapp-image-2025-12-04-at-15-22-00-2\/\"><\/div><div class=\"wpr-cv-container\"><div class=\"wpr-cv-outer\"><div class=\"wpr-cv-inner\"><div class=\"wpr-grid-media-hover-middle elementor-clearfix\"><div class=\"wpr-grid-item-lightbox elementor-repeater-item-a90882a wpr-grid-item-display-block wpr-grid-item-align-center wpr-element-fade-in wpr-anim-size-large wpr-anim-timing-ease-default wpr-anim-transparency\"><div class=\"inner-block\"><span data-src=\"https:\/\/sohoathinas.com\/wp-content\/uploads\/2025\/12\/WhatsApp-Image-2025-12-04-at-15.22.00.jpeg\"><i class=\"fas fa-search\"><\/i><\/span><div class=\"wpr-grid-lightbox-overlay\"><\/div><\/div><\/div><\/div><\/div><\/div><\/div><\/div><\/div><\/div><\/article><\/section>\t\t\t\t<\/div>\n\t\t\t\t<\/div>\n\t\t\t\t<\/div>\n\t\t","protected":false},"excerpt":{"rendered":"<p>Bar sant\u00e9 &#8211; Fresh &amp; Co D\u00e9gustez des jus de fruits frais, des bols sains et des en-cas l\u00e9gers au Fresh &amp; Co, le bar sant\u00e9 qui allie go\u00fbt et bien-\u00eatre. Les clients de l&rsquo;h\u00f4tel b\u00e9n\u00e9ficient d&rsquo;une r\u00e9duction exclusive de 20 % sur tous les articles du menu, id\u00e9al pour une pause rafra\u00eechissante et saine \u00e0 tout moment de la journ\u00e9e. Trouver Fresh &amp; Co<\/p>\n","protected":false},"author":1,"featured_media":0,"parent":0,"menu_order":0,"comment_status":"closed","ping_status":"closed","template":"elementor_header_footer","meta":{"footnotes":""},"class_list":["post-4173","page","type-page","status-publish","hentry"],"_links":{"self":[{"href":"https:\/\/sohoathinas.com\/fr\/wp-json\/wp\/v2\/pages\/4173","targetHints":{"allow":["GET"]}}],"collection":[{"href":"https:\/\/sohoathinas.com\/fr\/wp-json\/wp\/v2\/pages"}],"about":[{"href":"https:\/\/sohoathinas.com\/fr\/wp-json\/wp\/v2\/types\/page"}],"author":[{"embeddable":true,"href":"https:\/\/sohoathinas.com\/fr\/wp-json\/wp\/v2\/users\/1"}],"replies":[{"embeddable":true,"href":"https:\/\/sohoathinas.com\/fr\/wp-json\/wp\/v2\/comments?post=4173"}],"version-history":[{"count":6,"href":"https:\/\/sohoathinas.com\/fr\/wp-json\/wp\/v2\/pages\/4173\/revisions"}],"predecessor-version":[{"id":4426,"href":"https:\/\/sohoathinas.com\/fr\/wp-json\/wp\/v2\/pages\/4173\/revisions\/4426"}],"wp:attachment":[{"href":"https:\/\/sohoathinas.com\/fr\/wp-json\/wp\/v2\/media?parent=4173"}],"curies":[{"name":"wp","href":"https:\/\/api.w.org\/{rel}","templated":true}]}}