{"id":1855,"date":"2025-08-12T13:36:32","date_gmt":"2025-08-12T10:36:32","guid":{"rendered":"https:\/\/sohoathinas.com\/4-services-de-visites-et-de-transferts\/"},"modified":"2025-12-13T16:29:55","modified_gmt":"2025-12-13T13:29:55","slug":"4-services-de-visites-et-de-transferts","status":"publish","type":"page","link":"https:\/\/sohoathinas.com\/fr\/4-services-de-visites-et-de-transferts\/","title":{"rendered":"Services de visites et de transferts"},"content":{"rendered":"\t\t<div data-elementor-type=\"wp-page\" data-elementor-id=\"1855\" class=\"elementor elementor-1855 elementor-1847\" data-elementor-settings=\"{&quot;ha_cmc_init_switcher&quot;:&quot;no&quot;}\">\n\t\t\t\t<div class=\"elementor-element elementor-element-4d3a30b e-con-full e-flex wpr-particle-no wpr-jarallax-no wpr-parallax-no wpr-sticky-section-no e-con e-parent\" data-id=\"4d3a30b\" data-element_type=\"container\" data-e-type=\"container\" data-settings=\"{&quot;background_background&quot;:&quot;classic&quot;,&quot;_ha_eqh_enable&quot;:false}\">\n\t\t\t\t<div class=\"elementor-element elementor-element-b522681 animated-slow elementor-invisible elementor-widget elementor-widget-heading\" data-id=\"b522681\" data-element_type=\"widget\" data-e-type=\"widget\" data-settings=\"{&quot;_animation&quot;:&quot;fadeIn&quot;}\" data-widget_type=\"heading.default\">\n\t\t\t\t\t<h2 class=\"elementor-heading-title elementor-size-default\">Services de visites et de transferts<\/h2>\t\t\t\t<\/div>\n\t\t\t\t<\/div>\n\t\t<div class=\"elementor-element elementor-element-3ccfe01 e-flex e-con-boxed wpr-particle-no wpr-jarallax-no wpr-parallax-no wpr-sticky-section-no e-con e-parent\" data-id=\"3ccfe01\" data-element_type=\"container\" data-e-type=\"container\" data-settings=\"{&quot;_ha_eqh_enable&quot;:false}\">\n\t\t\t\t\t<div class=\"e-con-inner\">\n\t\t\t\t<div class=\"elementor-element elementor-element-8eae243 elementor-widget elementor-widget-spacer\" data-id=\"8eae243\" data-element_type=\"widget\" data-e-type=\"widget\" data-widget_type=\"spacer.default\">\n\t\t\t\t\t\t\t<div class=\"elementor-spacer\">\n\t\t\t<div class=\"elementor-spacer-inner\"><\/div>\n\t\t<\/div>\n\t\t\t\t\t\t<\/div>\n\t\t\t\t\t<\/div>\n\t\t\t\t<\/div>\n\t\t<div class=\"elementor-element elementor-element-8a990ad e-grid e-con-boxed wpr-particle-no wpr-jarallax-no wpr-parallax-no wpr-sticky-section-no e-con e-parent\" data-id=\"8a990ad\" data-element_type=\"container\" data-e-type=\"container\" data-settings=\"{&quot;_ha_eqh_enable&quot;:false}\">\n\t\t\t\t\t<div class=\"e-con-inner\">\n\t\t\t\t<div class=\"elementor-element elementor-element-7798836 animated-slow elementor-invisible elementor-widget elementor-widget-image\" data-id=\"7798836\" data-element_type=\"widget\" data-e-type=\"widget\" data-settings=\"{&quot;_animation&quot;:&quot;fadeIn&quot;}\" data-widget_type=\"image.default\">\n\t\t\t\t\t\t\t\t\t\t\t\t\t\t\t<img fetchpriority=\"high\" decoding=\"async\" width=\"829\" height=\"552\" src=\"https:\/\/sohoathinas.com\/wp-content\/uploads\/2024\/12\/transfer-soho-athinas.webp\" class=\"attachment-full size-full wp-image-1405\" alt=\"Scenic perspective showcasing the character of Athens\" srcset=\"https:\/\/sohoathinas.com\/wp-content\/uploads\/2024\/12\/transfer-soho-athinas.webp 829w, https:\/\/sohoathinas.com\/wp-content\/uploads\/2024\/12\/transfer-soho-athinas-300x200.webp 300w, https:\/\/sohoathinas.com\/wp-content\/uploads\/2024\/12\/transfer-soho-athinas-768x511.webp 768w\" sizes=\"(max-width: 829px) 100vw, 829px\" \/>\t\t\t\t\t\t\t\t\t\t\t\t\t\t\t<\/div>\n\t\t<div class=\"elementor-element elementor-element-f318a3e e-con-full animated-slow e-flex wpr-particle-no wpr-jarallax-no wpr-parallax-no wpr-sticky-section-no elementor-invisible e-con e-child\" data-id=\"f318a3e\" data-element_type=\"container\" data-e-type=\"container\" data-settings=\"{&quot;animation&quot;:&quot;fadeInRight&quot;,&quot;_ha_eqh_enable&quot;:false}\">\n\t\t\t\t<div class=\"elementor-element elementor-element-8717749 elementor-widget elementor-widget-heading\" data-id=\"8717749\" data-element_type=\"widget\" data-e-type=\"widget\" data-widget_type=\"heading.default\">\n\t\t\t\t\t<h3 class=\"elementor-heading-title elementor-size-default\">Services de transfert<\/h3>\t\t\t\t<\/div>\n\t\t\t\t<div class=\"elementor-element elementor-element-1ec362e elementor-widget elementor-widget-text-editor\" data-id=\"1ec362e\" data-element_type=\"widget\" data-e-type=\"widget\" data-widget_type=\"text-editor.default\">\n\t\t\t\t\t\t\t\t\t<p>Voyagez dans Ath\u00e8nes et au-del\u00e0 dans le confort et le style gr\u00e2ce \u00e0 nos services de transfert haut de gamme.<br>Que vous vous rendiez \u00e0 l&rsquo;a\u00e9roport, que vous exploriez la ville ou que vous visitiez des destinations proches, nos v\u00e9hicules de luxe et nos chauffeurs professionnels vous assureront un voyage fluide et relaxant.<br>Tous nos chauffeurs parlent un excellent anglais, ce qui facilite la communication et rend votre exp\u00e9rience agr\u00e9able.<\/p>\t\t\t\t\t\t\t\t<\/div>\n\t\t\t\t<div class=\"elementor-element elementor-element-6ba8d81 elementor-align-left elementor-mobile-align-center elementor-widget elementor-widget-button\" data-id=\"6ba8d81\" data-element_type=\"widget\" data-e-type=\"widget\" data-widget_type=\"button.default\">\n\t\t\t\t\t\t\t\t\t\t<a class=\"elementor-button elementor-button-link elementor-size-sm\" href=\"https:\/\/yomadic.tours\/hotel-soho-athinas-60-transfer-booking\/\" target=\"_blank\" rel=\"noopener\">\n\t\t\t\t\t\t<span class=\"elementor-button-content-wrapper\">\n\t\t\t\t\t\t\t\t\t<span class=\"elementor-button-text\">R\u00e9servez votre transfert<\/span>\n\t\t\t\t\t<\/span>\n\t\t\t\t\t<\/a>\n\t\t\t\t\t\t\t\t<\/div>\n\t\t\t\t<\/div>\n\t\t\t\t\t<\/div>\n\t\t\t\t<\/div>\n\t\t<div class=\"elementor-element elementor-element-2f8a62d e-flex e-con-boxed wpr-particle-no wpr-jarallax-no wpr-parallax-no wpr-sticky-section-no e-con e-parent\" data-id=\"2f8a62d\" data-element_type=\"container\" data-e-type=\"container\" data-settings=\"{&quot;_ha_eqh_enable&quot;:false}\">\n\t\t\t\t\t<div class=\"e-con-inner\">\n\t\t\t\t<div class=\"elementor-element elementor-element-93d3e52 elementor-widget elementor-widget-spacer\" data-id=\"93d3e52\" data-element_type=\"widget\" data-e-type=\"widget\" data-widget_type=\"spacer.default\">\n\t\t\t\t\t\t\t<div class=\"elementor-spacer\">\n\t\t\t<div class=\"elementor-spacer-inner\"><\/div>\n\t\t<\/div>\n\t\t\t\t\t\t<\/div>\n\t\t\t\t\t<\/div>\n\t\t\t\t<\/div>\n\t\t<div class=\"elementor-element elementor-element-0cf5be0 e-grid e-con-boxed wpr-particle-no wpr-jarallax-no wpr-parallax-no wpr-sticky-section-no e-con e-parent\" data-id=\"0cf5be0\" data-element_type=\"container\" data-e-type=\"container\" data-settings=\"{&quot;_ha_eqh_enable&quot;:false}\">\n\t\t\t\t\t<div class=\"e-con-inner\">\n\t\t\t\t<div class=\"elementor-element elementor-element-cb287cb animated-slow elementor-hidden-desktop elementor-hidden-tablet elementor-invisible elementor-widget elementor-widget-image\" data-id=\"cb287cb\" data-element_type=\"widget\" data-e-type=\"widget\" data-settings=\"{&quot;_animation&quot;:&quot;fadeIn&quot;}\" data-widget_type=\"image.default\">\n\t\t\t\t\t\t\t\t\t\t\t\t\t\t\t<img decoding=\"async\" width=\"806\" height=\"537\" src=\"https:\/\/sohoathinas.com\/wp-content\/uploads\/2024\/12\/Delphi-min.webp\" class=\"attachment-full size-full wp-image-1407\" alt=\"Scenic perspective showcasing the character of Athens\" srcset=\"https:\/\/sohoathinas.com\/wp-content\/uploads\/2024\/12\/Delphi-min.webp 806w, https:\/\/sohoathinas.com\/wp-content\/uploads\/2024\/12\/Delphi-min-300x200.webp 300w, https:\/\/sohoathinas.com\/wp-content\/uploads\/2024\/12\/Delphi-min-768x512.webp 768w\" sizes=\"(max-width: 806px) 100vw, 806px\" \/>\t\t\t\t\t\t\t\t\t\t\t\t\t\t\t<\/div>\n\t\t<div class=\"elementor-element elementor-element-1375e3a e-con-full animated-slow e-flex wpr-particle-no wpr-jarallax-no wpr-parallax-no wpr-sticky-section-no elementor-invisible e-con e-child\" data-id=\"1375e3a\" data-element_type=\"container\" data-e-type=\"container\" data-settings=\"{&quot;animation&quot;:&quot;fadeInLeft&quot;,&quot;_ha_eqh_enable&quot;:false}\">\n\t\t\t\t<div class=\"elementor-element elementor-element-c75e0e3 elementor-widget elementor-widget-heading\" data-id=\"c75e0e3\" data-element_type=\"widget\" data-e-type=\"widget\" data-widget_type=\"heading.default\">\n\t\t\t\t\t<h3 class=\"elementor-heading-title elementor-size-default\">Services touristiques<\/h3>\t\t\t\t<\/div>\n\t\t\t\t<div class=\"elementor-element elementor-element-66a8d56 elementor-widget elementor-widget-text-editor\" data-id=\"66a8d56\" data-element_type=\"widget\" data-e-type=\"widget\" data-widget_type=\"text-editor.default\">\n\t\t\t\t\t\t\t\t\t<p>D\u00e9couvrez Ath\u00e8nes et ses environs gr\u00e2ce \u00e0 nos circuits con\u00e7us pour cr\u00e9er des souvenirs inoubliables.<br>D&rsquo;une visite d&rsquo;une demi-journ\u00e9e des sites embl\u00e9matiques d&rsquo;Ath\u00e8nes \u00e0 une visite de l&rsquo;\u00e9poustouflant temple de Pos\u00e9idon au cap Sounio, en passant par une aventure d&rsquo;une journ\u00e9e \u00e0 Delphes, nous vous proposons des exp\u00e9riences adapt\u00e9es \u00e0 vos centres d&rsquo;int\u00e9r\u00eat.<br>Profitez de chaque instant gr\u00e2ce au confort de nos v\u00e9hicules de luxe et \u00e0 l&rsquo;expertise de nos chauffeurs professionnels anglophones.<\/p>\t\t\t\t\t\t\t\t<\/div>\n\t\t\t\t<div class=\"elementor-element elementor-element-ff5d50b elementor-align-left elementor-mobile-align-center elementor-widget elementor-widget-button\" data-id=\"ff5d50b\" data-element_type=\"widget\" data-e-type=\"widget\" data-widget_type=\"button.default\">\n\t\t\t\t\t\t\t\t\t\t<a class=\"elementor-button elementor-button-link elementor-size-sm\" href=\"https:\/\/yomadic.tours\/hotel-soho-athinas-60-transfer-booking\/\" target=\"_blank\" rel=\"noopener\">\n\t\t\t\t\t\t<span class=\"elementor-button-content-wrapper\">\n\t\t\t\t\t\t\t\t\t<span class=\"elementor-button-text\">R\u00e9servez votre visite<\/span>\n\t\t\t\t\t<\/span>\n\t\t\t\t\t<\/a>\n\t\t\t\t\t\t\t\t<\/div>\n\t\t\t\t<\/div>\n\t\t\t\t<div class=\"elementor-element elementor-element-04879a4 animated-slow elementor-hidden-mobile elementor-invisible elementor-widget elementor-widget-image\" data-id=\"04879a4\" data-element_type=\"widget\" data-e-type=\"widget\" data-settings=\"{&quot;_animation&quot;:&quot;fadeIn&quot;}\" data-widget_type=\"image.default\">\n\t\t\t\t\t\t\t\t\t\t\t\t\t\t\t<img decoding=\"async\" width=\"806\" height=\"537\" src=\"https:\/\/sohoathinas.com\/wp-content\/uploads\/2024\/12\/Delphi-min.webp\" class=\"attachment-full size-full wp-image-1407\" alt=\"Scenic perspective showcasing the character of Athens\" srcset=\"https:\/\/sohoathinas.com\/wp-content\/uploads\/2024\/12\/Delphi-min.webp 806w, https:\/\/sohoathinas.com\/wp-content\/uploads\/2024\/12\/Delphi-min-300x200.webp 300w, https:\/\/sohoathinas.com\/wp-content\/uploads\/2024\/12\/Delphi-min-768x512.webp 768w\" sizes=\"(max-width: 806px) 100vw, 806px\" \/>\t\t\t\t\t\t\t\t\t\t\t\t\t\t\t<\/div>\n\t\t\t\t\t<\/div>\n\t\t\t\t<\/div>\n\t\t<div class=\"elementor-element elementor-element-787f829 e-flex e-con-boxed wpr-particle-no wpr-jarallax-no wpr-parallax-no wpr-sticky-section-no e-con e-parent\" data-id=\"787f829\" data-element_type=\"container\" data-e-type=\"container\" data-settings=\"{&quot;_ha_eqh_enable&quot;:false}\">\n\t\t\t\t\t<div class=\"e-con-inner\">\n\t\t\t\t<div class=\"elementor-element elementor-element-a773410 elementor-widget elementor-widget-spacer\" data-id=\"a773410\" data-element_type=\"widget\" data-e-type=\"widget\" data-widget_type=\"spacer.default\">\n\t\t\t\t\t\t\t<div class=\"elementor-spacer\">\n\t\t\t<div class=\"elementor-spacer-inner\"><\/div>\n\t\t<\/div>\n\t\t\t\t\t\t<\/div>\n\t\t\t\t\t<\/div>\n\t\t\t\t<\/div>\n\t\t\t\t<\/div>\n\t\t","protected":false},"excerpt":{"rendered":"<p>Services de visites et de transferts Services de transfert Voyagez dans Ath\u00e8nes et au-del\u00e0 dans le confort et le style gr\u00e2ce \u00e0 nos services de transfert haut de gamme.Que vous vous rendiez \u00e0 l&rsquo;a\u00e9roport, que vous exploriez la ville ou que vous visitiez des destinations proches, nos v\u00e9hicules de luxe et nos chauffeurs professionnels vous assureront un voyage fluide et relaxant.Tous nos chauffeurs parlent un excellent anglais, ce qui facilite la communication et rend votre exp\u00e9rience agr\u00e9able. R\u00e9servez votre transfert Services touristiques D\u00e9couvrez Ath\u00e8nes et ses environs gr\u00e2ce \u00e0 nos circuits con\u00e7us pour cr\u00e9er des souvenirs inoubliables.D&rsquo;une visite d&rsquo;une demi-journ\u00e9e des sites embl\u00e9matiques d&rsquo;Ath\u00e8nes \u00e0 une visite de l&rsquo;\u00e9poustouflant temple de Pos\u00e9idon au cap Sounio, en passant par une aventure d&rsquo;une journ\u00e9e \u00e0 Delphes, nous vous proposons des exp\u00e9riences adapt\u00e9es \u00e0 vos centres d&rsquo;int\u00e9r\u00eat.Profitez de chaque instant gr\u00e2ce au confort de nos v\u00e9hicules de luxe et \u00e0 l&rsquo;expertise de nos chauffeurs professionnels anglophones. R\u00e9servez votre visite<\/p>\n","protected":false},"author":1,"featured_media":0,"parent":0,"menu_order":0,"comment_status":"closed","ping_status":"closed","template":"elementor_header_footer","meta":{"footnotes":""},"class_list":["post-1855","page","type-page","status-publish","hentry"],"_links":{"self":[{"href":"https:\/\/sohoathinas.com\/fr\/wp-json\/wp\/v2\/pages\/1855","targetHints":{"allow":["GET"]}}],"collection":[{"href":"https:\/\/sohoathinas.com\/fr\/wp-json\/wp\/v2\/pages"}],"about":[{"href":"https:\/\/sohoathinas.com\/fr\/wp-json\/wp\/v2\/types\/page"}],"author":[{"embeddable":true,"href":"https:\/\/sohoathinas.com\/fr\/wp-json\/wp\/v2\/users\/1"}],"replies":[{"embeddable":true,"href":"https:\/\/sohoathinas.com\/fr\/wp-json\/wp\/v2\/comments?post=1855"}],"version-history":[{"count":6,"href":"https:\/\/sohoathinas.com\/fr\/wp-json\/wp\/v2\/pages\/1855\/revisions"}],"predecessor-version":[{"id":4295,"href":"https:\/\/sohoathinas.com\/fr\/wp-json\/wp\/v2\/pages\/1855\/revisions\/4295"}],"wp:attachment":[{"href":"https:\/\/sohoathinas.com\/fr\/wp-json\/wp\/v2\/media?parent=1855"}],"curies":[{"name":"wp","href":"https:\/\/api.w.org\/{rel}","templated":true}]}}